{"id":18,"date":"2022-08-23T11:35:47","date_gmt":"2022-08-23T11:35:47","guid":{"rendered":"https:\/\/namespaceitalia.online\/?page_id=18"},"modified":"2022-08-23T12:17:19","modified_gmt":"2022-08-23T12:17:19","slug":"termini-e-condizioni","status":"publish","type":"page","link":"https:\/\/namespaceitalia.online\/index.php\/termini-e-condizioni\/","title":{"rendered":"Termini e condizioni"},"content":{"rendered":"\t\t<div data-elementor-type=\"wp-page\" data-elementor-id=\"18\" class=\"elementor elementor-18\">\n\t\t\t\t\t\t\t\t\t<section class=\"elementor-section elementor-top-section elementor-element elementor-element-84d3275 elementor-section-boxed elementor-section-height-default elementor-section-height-default\" data-id=\"84d3275\" data-element_type=\"section\">\n\t\t\t\t\t\t<div class=\"elementor-container elementor-column-gap-default\">\n\t\t\t\t\t<div class=\"elementor-column elementor-col-100 elementor-top-column elementor-element elementor-element-154158e\" data-id=\"154158e\" data-element_type=\"column\">\n\t\t\t<div class=\"elementor-widget-wrap elementor-element-populated\">\n\t\t\t\t\t\t\t\t<div class=\"elementor-element elementor-element-8f2264f elementor-widget elementor-widget-heading\" data-id=\"8f2264f\" data-element_type=\"widget\" data-widget_type=\"heading.default\">\n\t\t\t\t<div class=\"elementor-widget-container\">\n\t\t\t<style>\/*! elementor - v3.7.2 - 21-08-2022 *\/\n.elementor-heading-title{padding:0;margin:0;line-height:1}.elementor-widget-heading .elementor-heading-title[class*=elementor-size-]>a{color:inherit;font-size:inherit;line-height:inherit}.elementor-widget-heading .elementor-heading-title.elementor-size-small{font-size:15px}.elementor-widget-heading .elementor-heading-title.elementor-size-medium{font-size:19px}.elementor-widget-heading .elementor-heading-title.elementor-size-large{font-size:29px}.elementor-widget-heading .elementor-heading-title.elementor-size-xl{font-size:39px}.elementor-widget-heading .elementor-heading-title.elementor-size-xxl{font-size:59px}<\/style><h2 class=\"elementor-heading-title elementor-size-default\">Termini e condizioni<\/h2>\t\t<\/div>\n\t\t\t\t<\/div>\n\t\t\t\t<div class=\"elementor-element elementor-element-30ac1df elementor-widget elementor-widget-text-editor\" data-id=\"30ac1df\" data-element_type=\"widget\" data-widget_type=\"text-editor.default\">\n\t\t\t\t<div class=\"elementor-widget-container\">\n\t\t\t<style>\/*! elementor - v3.7.2 - 21-08-2022 *\/\n.elementor-widget-text-editor.elementor-drop-cap-view-stacked .elementor-drop-cap{background-color:#818a91;color:#fff}.elementor-widget-text-editor.elementor-drop-cap-view-framed .elementor-drop-cap{color:#818a91;border:3px solid;background-color:transparent}.elementor-widget-text-editor:not(.elementor-drop-cap-view-default) .elementor-drop-cap{margin-top:8px}.elementor-widget-text-editor:not(.elementor-drop-cap-view-default) .elementor-drop-cap-letter{width:1em;height:1em}.elementor-widget-text-editor .elementor-drop-cap{float:left;text-align:center;line-height:1;font-size:50px}.elementor-widget-text-editor .elementor-drop-cap-letter{display:inline-block}<\/style>\t\t\t\t<div>Si prega di leggere attentamente i presenti termini e condizioni prima di utilizzare il nostro Servizio.<\/div>\n<div>&nbsp;<\/div>\n<div>Interpretazione e definizioni<\/div>\n<div>Interpretazione<\/div>\n<div>Le parole la cui lettera iniziale \u00e8 maiuscola hanno il significato definito nelle seguenti condizioni. Le seguenti definizioni avranno lo stesso significato indipendentemente dal fatto che appaiano al singolare o al plurale.<\/div>\n<div>&nbsp;<\/div>\n<div>Definizioni<\/div>\n<div>Ai fini dei presenti Termini e condizioni:<\/div>\n<div>&nbsp;<\/div>\n<div>Affiliato indica un\u2019entit\u00e0 che controlla, \u00e8 controllata da o \u00e8 sotto controllo comune con una parte, dove per \u201ccontrollo\u201d si intende la propriet\u00e0 del 50% o pi\u00f9 delle azioni, delle partecipazioni o di altri titoli che danno diritto al voto per l\u2019elezione degli amministratori o di altri poteri di gestione.<\/div>\n<div>&nbsp;<\/div>\n<div>Il Paese si riferisce a: Italia<\/div>\n<div>&nbsp;<\/div>\n<div>Azienda (indicata come \u201cl\u2019Azienda\u201d, \u201cNoi\u201d, \u201cCi\u201d o \u201cNostro\u201d nel presente Contratto) si riferisce a Name space Italia, Viale venezia 100.<\/div>\n<div>&nbsp;<\/div>\n<div>Dispositivo indica qualsiasi dispositivo in grado di accedere al Servizio, come un computer, un telefono cellulare o una tavoletta digitale.<\/div>\n<div>&nbsp;<\/div>\n<div>Servizio si riferisce al Sito Web.<\/div>\n<div>&nbsp;<\/div>\n<div>Per Termini e Condizioni (anche \u201cTermini\u201d) si intendono i presenti Termini e Condizioni che costituiscono l\u2019intero accordo tra l\u2019Utente e la Societ\u00e0 in merito all\u2019utilizzo del Servizio. Il presente contratto di Termini e Condizioni \u00e8 stato creato con l\u2019aiuto del Generatore di Termini e Condizioni di TermsFeed.<\/div>\n<div>&nbsp;<\/div>\n<div>Servizio di Social Media di terze parti indica qualsiasi servizio o contenuto (inclusi dati, informazioni, prodotti o servizi) fornito da una terza parte che pu\u00f2 essere visualizzato, incluso o reso disponibile dal Servizio.<\/div>\n<div>&nbsp;<\/div>\n<div>Per Utente si intende l\u2019individuo che accede o utilizza il Servizio, o la societ\u00e0 o altra persona giuridica per conto della quale tale individuo accede o utilizza il Servizio, a seconda dei casi.<\/div>\n<div>&nbsp;<\/div>\n<div>Riconoscimento<\/div>\n<div>Questi sono i Termini e le Condizioni che regolano l\u2019uso di questo Servizio e l\u2019accordo che intercorre tra l\u2019Utente e la Societ\u00e0. I presenti Termini e condizioni stabiliscono i diritti e gli obblighi di tutti gli utenti in merito all\u2019utilizzo del Servizio.<\/div>\n<div>&nbsp;<\/div>\n<div>L\u2019accesso e l\u2019utilizzo del Servizio da parte dell\u2019utente sono subordinati all\u2019accettazione e al rispetto dei presenti Termini e condizioni. I presenti Termini e condizioni si applicano a tutti i visitatori, utenti e altri soggetti che accedono o utilizzano il Servizio.<\/div>\n<div>&nbsp;<\/div>\n<div>Accedendo o utilizzando il Servizio, l\u2019Utente accetta di essere vincolato dai presenti Termini e condizioni. Se l\u2019Utente non \u00e8 d\u2019accordo con una qualsiasi parte di questi Termini e Condizioni, non pu\u00f2 accedere al Servizio.<\/div>\n<div>&nbsp;<\/div>\n<div>L\u2019Utente dichiara di avere pi\u00f9 di 18 anni. La Societ\u00e0 non consente ai minori di 18 anni di utilizzare il Servizio.<\/div>\n<div>&nbsp;<\/div>\n<div>L\u2019accesso e l\u2019utilizzo del Servizio da parte dell\u2019Utente sono inoltre subordinati all\u2019accettazione e al rispetto della Politica sulla privacy della Societ\u00e0. La nostra Informativa sulla privacy descrive le nostre politiche e procedure sulla raccolta, l\u2019uso e la divulgazione dei dati personali dell\u2019Utente quando utilizza l\u2019Applicazione o il Sito web e informa l\u2019Utente sui suoi diritti alla privacy e su come la legge lo protegge. Si prega di leggere attentamente la nostra Informativa sulla privacy prima di utilizzare il nostro Servizio.<\/div>\n<div>&nbsp;<\/div>\n<div>Collegamenti ad altri siti web<\/div>\n<div>Il nostro Servizio pu\u00f2 contenere link a siti o servizi web di terzi che non sono di propriet\u00e0 o controllati dalla Societ\u00e0.<\/div>\n<div>&nbsp;<\/div>\n<div>La Societ\u00e0 non ha alcun controllo e non si assume alcuna responsabilit\u00e0 per il contenuto, le politiche sulla privacy o le pratiche di qualsiasi sito web o servizio di terzi. L\u2019utente riconosce e accetta inoltre che la Societ\u00e0 non sar\u00e0 responsabile, direttamente o indirettamente, per eventuali danni o perdite causati o che si presume possano essere causati da o in connessione con l\u2019uso o l\u2019affidamento su tali contenuti, beni o servizi disponibili su o attraverso tali siti web o servizi.<\/div>\n<div>&nbsp;<\/div>\n<div>Consigliamo vivamente all\u2019Utente di leggere i termini e le condizioni e le politiche sulla privacy di qualsiasi sito o servizio web di terzi che l\u2019Utente visita.<\/div>\n<div>&nbsp;<\/div>\n<div>Cessazione<\/div>\n<div>Possiamo interrompere o sospendere l\u2019accesso dell\u2019Utente immediatamente, senza preavviso o responsabilit\u00e0, per qualsiasi motivo, incluso, a titolo esemplificativo, se l\u2019Utente viola i presenti Termini e condizioni.<\/div>\n<div>&nbsp;<\/div>\n<div>In caso di risoluzione, il diritto dell\u2019Utente di utilizzare il Servizio cesser\u00e0 immediatamente.<\/div>\n<div>&nbsp;<\/div>\n<div>Limitazione di responsabilit\u00e0<\/div>\n<div>A prescindere da eventuali danni che l\u2019Utente potrebbe subire, l\u2019intera responsabilit\u00e0 della Societ\u00e0 e dei suoi fornitori ai sensi di qualsiasi disposizione dei presenti Termini e il rimedio esclusivo dell\u2019Utente per tutto quanto sopra sar\u00e0 limitato all\u2019importo effettivamente pagato dall\u2019Utente tramite il Servizio o a 100 USD se l\u2019Utente non ha acquistato nulla tramite il Servizio.<\/div>\n<div>&nbsp;<\/div>\n<div>Nella misura massima consentita dalla legge applicabile, in nessun caso la Societ\u00e0 o i suoi fornitori saranno responsabili per danni speciali, incidentali, indiretti o consequenziali di qualsiasi tipo (inclusi, a titolo esemplificativo ma non esaustivo, danni per perdita di profitti, perdita di dati o altre informazioni, per interruzione dell\u2019attivit\u00e0, per lesioni personali, perdita di privacy derivanti da o in qualsiasi modo correlati all\u2019utilizzo o all\u2019impossibilit\u00e0 di utilizzare il Servizio, il software di terzi e\/o l\u2019hardware di terzi utilizzato con il Servizio, o comunque in relazione a qualsiasi disposizione dei presenti Termini), anche se la Societ\u00e0 o qualsiasi fornitore \u00e8 stato avvisato della possibilit\u00e0 di tali danni e anche se il rimedio fallisce il suo scopo essenziale.<\/div>\n<div>&nbsp;<\/div>\n<div>Alcuni Stati non consentono l\u2019esclusione di garanzie implicite o la limitazione di responsabilit\u00e0 per danni incidentali o consequenziali, il che significa che alcune delle limitazioni di cui sopra potrebbero non essere applicabili. In questi Stati, la responsabilit\u00e0 di ciascuna parte sar\u00e0 limitata nella misura massima consentita dalla legge.<\/div>\n<div>&nbsp;<\/div>\n<div>\u201cEsclusione di responsabilit\u00e0 \u201cCOS\u00cc COM\u2019\u00c8\u201d e \u201cCOME DISPONIBILE<\/div>\n<div>Il Servizio viene fornito all\u2019Utente \u201cCOS\u00cc COM\u2019\u00c8\u201d e \u201cCOME DISPONIBILE\u201d e con tutti i difetti e le mancanze senza alcun tipo di garanzia. Nella misura massima consentita dalla legge applicabile, la Societ\u00e0, per conto proprio e per conto delle sue Affiliate e dei suoi rispettivi licenziatari e fornitori di servizi, declina espressamente tutte le garanzie, espresse, implicite, legali o di altro tipo, in relazione al Servizio, comprese tutte le garanzie implicite di commerciabilit\u00e0, idoneit\u00e0 per uno scopo particolare, titolarit\u00e0 e non violazione, e le garanzie che possono derivare da un comportamento commerciale, dall\u2019esecuzione, dagli usi o dalla prassi commerciale. Senza limitazioni a quanto sopra, la Societ\u00e0 non fornisce alcuna garanzia o impegno e non dichiara in alcun modo che il Servizio soddisfer\u00e0 i requisiti dell\u2019Utente, raggiunger\u00e0 i risultati previsti, sar\u00e0 compatibile o funzioner\u00e0 con qualsiasi altro software, applicazione, sistema o servizio, funzioner\u00e0 senza interruzioni, soddisfer\u00e0 qualsiasi standard di prestazione o affidabilit\u00e0 o sar\u00e0 privo di errori o che qualsiasi errore o difetto potr\u00e0 essere corretto.<\/div>\n<div>&nbsp;<\/div>\n<div>Senza limitare quanto sopra, n\u00e9 la Societ\u00e0 n\u00e9 alcun fornitore della Societ\u00e0 rilascia alcuna dichiarazione o garanzia di alcun tipo, espressa o implicita: (i) in merito al funzionamento o alla disponibilit\u00e0 del Servizio, o alle informazioni, ai contenuti, ai materiali o ai prodotti ivi inclusi; (ii) che il Servizio sar\u00e0 ininterrotto o privo di errori; (iii) in merito all\u2019accuratezza, all\u2019affidabilit\u00e0 o all\u2019attualit\u00e0 di qualsiasi informazione o contenuto fornito attraverso il Servizio; o (iv) che il Servizio, i suoi server, i contenuti o le e-mail inviate da o per conto della Societ\u00e0 siano privi di virus, script, cavalli di Troia, worm, malware, timebomb o altri componenti dannosi.<\/div>\n<div>&nbsp;<\/div>\n<div>Alcune giurisdizioni non consentono l\u2019esclusione di alcuni tipi di garanzie o limitazioni dei diritti legali applicabili a un consumatore, pertanto alcune o tutte le esclusioni e limitazioni di cui sopra potrebbero non essere applicabili all\u2019utente. In tal caso, tuttavia, le esclusioni e le limitazioni di cui alla presente sezione saranno applicate nella massima misura possibile ai sensi della legge applicabile.<\/div>\n<div>&nbsp;<\/div>\n<div>Legge applicabile<\/div>\n<div>Le leggi del Paese, ad esclusione dei conflitti di legge, disciplinano i presenti Termini e l\u2019utilizzo del Servizio da parte dell\u2019Utente. L\u2019utilizzo dell\u2019Applicazione da parte dell\u2019Utente pu\u00f2 essere soggetto anche ad altre leggi locali, statali, nazionali o internazionali.<\/div>\n<div>&nbsp;<\/div>\n<div>Risoluzione delle controversie<\/div>\n<div>In caso di dubbi o controversie in merito al Servizio, l\u2019Utente accetta di provare a risolvere la controversia in modo informale contattando la Societ\u00e0.<\/div>\n<div>&nbsp;<\/div>\n<div>Per gli utenti dell\u2019Unione Europea (UE)<\/div>\n<div>Se l\u2019Utente \u00e8 un consumatore dell\u2019Unione Europea, beneficer\u00e0 di tutte le disposizioni obbligatorie della legge del paese in cui risiede.<\/div>\n<div>&nbsp;<\/div>\n<div>Conformit\u00e0 alle leggi degli Stati Uniti<\/div>\n<div>L\u2019Utente dichiara e garantisce che (i) non si trova in un paese soggetto a embargo da parte del governo degli Stati Uniti, o che \u00e8 stato designato dal governo degli Stati Uniti come paese \u201csostenitore del terrorismo\u201d, e (ii) non \u00e8 elencato in nessun elenco del governo degli Stati Uniti di parti proibite o limitate.<\/div>\n<div>&nbsp;<\/div>\n<div>Separazione e rinuncia<\/div>\n<div>Clausola di esclusione<\/div>\n<div>Se una qualsiasi disposizione dei presenti Termini \u00e8 ritenuta inapplicabile o non valida, tale disposizione sar\u00e0 modificata e interpretata in modo da raggiungere gli obiettivi di tale disposizione nella massima misura possibile ai sensi della legge applicabile e le restanti disposizioni continueranno ad avere pieno vigore ed effetto.<\/div>\n<div>&nbsp;<\/div>\n<div>Rinuncia<\/div>\n<div>Salvo quanto previsto nel presente documento, il mancato esercizio di un diritto o la mancata richiesta di adempimento di un obbligo ai sensi dei presenti Termini non pregiudica la possibilit\u00e0 di una parte di esercitare tale diritto o di richiedere tale adempimento in qualsiasi momento successivo, n\u00e9 la rinuncia a una violazione costituisce una rinuncia a qualsiasi violazione successiva.<\/div>\n<div>&nbsp;<\/div>\n<div>Traduzione Interpretazione<\/div>\n<div>I presenti Termini e condizioni possono essere stati tradotti se la Societ\u00e0 li ha messi a disposizione dell\u2019utente sul proprio Servizio. L\u2019utente accetta che il testo originale in inglese prevalga in caso di controversia.<\/div>\n<div>&nbsp;<\/div>\n<div>Modifiche ai presenti Termini e condizioni<\/div>\n<div>Ci riserviamo il diritto, a nostra esclusiva discrezione, di modificare o sostituire i presenti Termini in qualsiasi momento. In caso di modifiche sostanziali, ci impegneremo a fornire un preavviso di almeno 30 giorni prima dell\u2019entrata in vigore dei nuovi termini. Ci\u00f2 che costituisce una modifica sostanziale sar\u00e0 determinato a Nostra esclusiva discrezione.<\/div>\n<div>&nbsp;<\/div>\n<div>Continuando ad accedere o a utilizzare il nostro Servizio dopo l\u2019entrata in vigore di tali revisioni, l\u2019Utente accetta di essere vincolato ai termini rivisti. Se l\u2019Utente non accetta i nuovi termini, in tutto o in parte, \u00e8 pregato di interrompere l\u2019utilizzo del sito web e del Servizio.<\/div>\t\t\t\t\t\t<\/div>\n\t\t\t\t<\/div>\n\t\t\t\t\t<\/div>\n\t\t<\/div>\n\t\t\t\t\t\t\t<\/div>\n\t\t<\/section>\n\t\t\t\t\t\t\t<\/div>\n\t\t","protected":false},"excerpt":{"rendered":"<p>Termini e condizioni Si prega di leggere attentamente i presenti termini e condizioni prima di utilizzare il nostro Servizio. &nbsp; Interpretazione e definizioni Interpretazione Le parole la cui lettera iniziale \u00e8 maiuscola hanno il significato definito nelle seguenti condizioni. Le seguenti definizioni avranno lo stesso significato indipendentemente dal fatto che appaiano al singolare o al [&hellip;]<\/p>\n","protected":false},"author":1,"featured_media":0,"parent":0,"menu_order":0,"comment_status":"closed","ping_status":"closed","template":"","meta":[],"_links":{"self":[{"href":"https:\/\/namespaceitalia.online\/index.php\/wp-json\/wp\/v2\/pages\/18"}],"collection":[{"href":"https:\/\/namespaceitalia.online\/index.php\/wp-json\/wp\/v2\/pages"}],"about":[{"href":"https:\/\/namespaceitalia.online\/index.php\/wp-json\/wp\/v2\/types\/page"}],"author":[{"embeddable":true,"href":"https:\/\/namespaceitalia.online\/index.php\/wp-json\/wp\/v2\/users\/1"}],"replies":[{"embeddable":true,"href":"https:\/\/namespaceitalia.online\/index.php\/wp-json\/wp\/v2\/comments?post=18"}],"version-history":[{"count":4,"href":"https:\/\/namespaceitalia.online\/index.php\/wp-json\/wp\/v2\/pages\/18\/revisions"}],"predecessor-version":[{"id":42,"href":"https:\/\/namespaceitalia.online\/index.php\/wp-json\/wp\/v2\/pages\/18\/revisions\/42"}],"wp:attachment":[{"href":"https:\/\/namespaceitalia.online\/index.php\/wp-json\/wp\/v2\/media?parent=18"}],"curies":[{"name":"wp","href":"https:\/\/api.w.org\/{rel}","templated":true}]}}